{"id":505,"date":"2022-11-14T11:15:36","date_gmt":"2022-11-14T11:15:36","guid":{"rendered":"https:\/\/expert-themes.com\/newwp\/builderexpert\/?page_id=505"},"modified":"2023-07-19T21:38:53","modified_gmt":"2023-07-19T19:38:53","slug":"about-us","status":"publish","type":"page","link":"https:\/\/sialda.com\/?page_id=505","title":{"rendered":"Solutions"},"content":{"rendered":"\t\t<div data-elementor-type=\"wp-page\" data-elementor-id=\"505\" class=\"elementor elementor-505\">\n\t\t\t\t\t\t\t\t\t<section class=\"elementor-section elementor-top-section elementor-element elementor-element-5c05e1a elementor-section-boxed elementor-section-height-default elementor-section-height-default\" data-id=\"5c05e1a\" data-element_type=\"section\">\n\t\t\t\t\t\t<div class=\"elementor-container elementor-column-gap-default\">\n\t\t\t\t\t<div class=\"elementor-column elementor-col-100 elementor-top-column elementor-element elementor-element-7c0eba8\" data-id=\"7c0eba8\" data-element_type=\"column\">\n\t\t\t<div class=\"elementor-widget-wrap elementor-element-populated\">\n\t\t\t\t\t\t\t\t<div class=\"elementor-element elementor-element-1e91a8b elementor-widget elementor-widget-spacer\" data-id=\"1e91a8b\" data-element_type=\"widget\" data-widget_type=\"spacer.default\">\n\t\t\t\t<div class=\"elementor-widget-container\">\n\t\t\t<style>\/*! elementor - v3.13.0 - 08-05-2023 *\/\n.elementor-column .elementor-spacer-inner{height:var(--spacer-size)}.e-con{--container-widget-width:100%}.e-con-inner>.elementor-widget-spacer,.e-con>.elementor-widget-spacer{width:var(--container-widget-width,var(--spacer-size));--align-self:var(--container-widget-align-self,initial);--flex-shrink:0}.e-con-inner>.elementor-widget-spacer>.elementor-widget-container,.e-con-inner>.elementor-widget-spacer>.elementor-widget-container>.elementor-spacer,.e-con>.elementor-widget-spacer>.elementor-widget-container,.e-con>.elementor-widget-spacer>.elementor-widget-container>.elementor-spacer{height:100%}.e-con-inner>.elementor-widget-spacer>.elementor-widget-container>.elementor-spacer>.elementor-spacer-inner,.e-con>.elementor-widget-spacer>.elementor-widget-container>.elementor-spacer>.elementor-spacer-inner{height:var(--container-widget-height,var(--spacer-size))}<\/style>\t\t<div class=\"elementor-spacer\">\n\t\t\t<div class=\"elementor-spacer-inner\"><\/div>\n\t\t<\/div>\n\t\t\t\t<\/div>\n\t\t\t\t<\/div>\n\t\t\t\t\t<\/div>\n\t\t<\/div>\n\t\t\t\t\t\t\t<\/div>\n\t\t<\/section>\n\t\t\t\t<section class=\"elementor-section elementor-top-section elementor-element elementor-element-8e1ea27 elementor-section-boxed elementor-section-height-default elementor-section-height-default\" data-id=\"8e1ea27\" data-element_type=\"section\">\n\t\t\t\t\t\t<div class=\"elementor-container elementor-column-gap-default\">\n\t\t\t\t\t<div class=\"elementor-column elementor-col-100 elementor-top-column elementor-element elementor-element-293819d\" data-id=\"293819d\" data-element_type=\"column\">\n\t\t\t<div class=\"elementor-widget-wrap elementor-element-populated\">\n\t\t\t\t\t\t\t\t<div class=\"elementor-element elementor-element-5700824 elementor-widget elementor-widget-heading\" data-id=\"5700824\" data-element_type=\"widget\" data-widget_type=\"heading.default\">\n\t\t\t\t<div class=\"elementor-widget-container\">\n\t\t\t<style>\/*! elementor - v3.13.0 - 08-05-2023 *\/\n.elementor-heading-title{padding:0;margin:0;line-height:1}.elementor-widget-heading .elementor-heading-title[class*=elementor-size-]>a{color:inherit;font-size:inherit;line-height:inherit}.elementor-widget-heading .elementor-heading-title.elementor-size-small{font-size:15px}.elementor-widget-heading .elementor-heading-title.elementor-size-medium{font-size:19px}.elementor-widget-heading .elementor-heading-title.elementor-size-large{font-size:29px}.elementor-widget-heading .elementor-heading-title.elementor-size-xl{font-size:39px}.elementor-widget-heading .elementor-heading-title.elementor-size-xxl{font-size:59px}<\/style><h2 class=\"elementor-heading-title elementor-size-default\">SCH\u00c9MA D\u2019ACQUISITION D\u2019UN BIEN IMMOBILIER SUR PLAN ET VISITE 3D PAR SIA ENGINEERING<\/h2>\t\t<\/div>\n\t\t\t\t<\/div>\n\t\t\t\t\t<\/div>\n\t\t<\/div>\n\t\t\t\t\t\t\t<\/div>\n\t\t<\/section>\n\t\t\t\t<section class=\"elementor-section elementor-top-section elementor-element elementor-element-4e659fb elementor-section-boxed elementor-section-height-default elementor-section-height-default\" data-id=\"4e659fb\" data-element_type=\"section\">\n\t\t\t\t\t\t<div class=\"elementor-container elementor-column-gap-default\">\n\t\t\t\t\t<div class=\"elementor-column elementor-col-100 elementor-top-column elementor-element elementor-element-e3d7574\" data-id=\"e3d7574\" data-element_type=\"column\">\n\t\t\t<div class=\"elementor-widget-wrap elementor-element-populated\">\n\t\t\t\t\t\t\t\t<div class=\"elementor-element elementor-element-9db7b24 elementor-widget elementor-widget-image\" data-id=\"9db7b24\" data-element_type=\"widget\" data-widget_type=\"image.default\">\n\t\t\t\t<div class=\"elementor-widget-container\">\n\t\t\t<style>\/*! elementor - v3.13.0 - 08-05-2023 *\/\n.elementor-widget-image{text-align:center}.elementor-widget-image a{display:inline-block}.elementor-widget-image a img[src$=\".svg\"]{width:48px}.elementor-widget-image img{vertical-align:middle;display:inline-block}<\/style>\t\t\t\t\t\t\t\t\t\t\t\t<img loading=\"lazy\" decoding=\"async\" width=\"2922\" height=\"1838\" src=\"https:\/\/sialda.com\/wp-content\/uploads\/2023\/06\/Screen-Shot-2023-06-25-at-10.20.00.png\" class=\"attachment-full size-full wp-image-1630\" alt=\"\" srcset=\"https:\/\/sialda.com\/wp-content\/uploads\/2023\/06\/Screen-Shot-2023-06-25-at-10.20.00.png 2922w, https:\/\/sialda.com\/wp-content\/uploads\/2023\/06\/Screen-Shot-2023-06-25-at-10.20.00-300x189.png 300w, https:\/\/sialda.com\/wp-content\/uploads\/2023\/06\/Screen-Shot-2023-06-25-at-10.20.00-1024x644.png 1024w, https:\/\/sialda.com\/wp-content\/uploads\/2023\/06\/Screen-Shot-2023-06-25-at-10.20.00-768x483.png 768w, https:\/\/sialda.com\/wp-content\/uploads\/2023\/06\/Screen-Shot-2023-06-25-at-10.20.00-1536x966.png 1536w, https:\/\/sialda.com\/wp-content\/uploads\/2023\/06\/Screen-Shot-2023-06-25-at-10.20.00-2048x1288.png 2048w\" sizes=\"auto, (max-width: 2922px) 100vw, 2922px\" \/>\t\t\t\t\t\t\t\t\t\t\t\t\t\t\t<\/div>\n\t\t\t\t<\/div>\n\t\t\t\t\t<\/div>\n\t\t<\/div>\n\t\t\t\t\t\t\t<\/div>\n\t\t<\/section>\n\t\t\t\t<section class=\"elementor-section elementor-top-section elementor-element elementor-element-15558c2 elementor-section-full_width elementor-section-height-default elementor-section-height-default\" data-id=\"15558c2\" data-element_type=\"section\">\n\t\t\t\t\t\t<div class=\"elementor-container elementor-column-gap-default\">\n\t\t\t\t\t<div class=\"elementor-column elementor-col-100 elementor-top-column elementor-element elementor-element-0080296\" data-id=\"0080296\" data-element_type=\"column\">\n\t\t\t<div class=\"elementor-widget-wrap elementor-element-populated\">\n\t\t\t\t\t\t\t\t<div class=\"elementor-element elementor-element-a288cb2 elementor-widget elementor-widget-builderexpert_funfacts\" data-id=\"a288cb2\" data-element_type=\"widget\" data-widget_type=\"builderexpert_funfacts.default\">\n\t\t\t\t<div class=\"elementor-widget-container\">\n\t\t\t\t\n    <!-- Counter Section -->\n\t<section class=\"counter-section\">\n\t\t<div class=\"auto-container\">\n\t\t\t<!-- Fact Counter -->\n\t\t\t<div class=\"fact-counter-two\">\n\t\t\t\t<div class=\"clearfix\">\n\t\t\t\t\t\t\t\t\t\t<!-- Column -->\n\t\t\t\t\t<div class=\"column counter-column col-lg-3 col-md-6 col-sm-12\">\n\t\t\t\t\t\t<div class=\"inner wow fadeInLeft\" data-wow-delay=\"0ms\" data-wow-duration=\"1500ms\">\n\t\t\t\t\t\t\t<div class=\"content\">\n\t\t\t\t\t\t\t\t<div class=\"lines\"><\/div>\n\t\t\t\t\t\t\t\t<div class=\"icon flaticon-engineer\"><\/div>\n\t\t\t\t\t\t\t\t<div class=\"count-outer count-box\">\n\t\t\t\t\t\t\t\t\t<span class=\"count-text\" data-speed=\"3000\" data-stop=\"10\">0<\/span>\t\t\t\t\t\t\t\t<\/div>\n\t\t\t\t\t\t\t\t<h4 class=\"counter-title\">Travailleurs professionnels <\/h4>\n\t\t\t\t\t\t\t<\/div>\n\t\t\t\t\t\t<\/div>\n\t\t\t\t\t<\/div>\n\t\t\t\t\t\t\t\t\t\t<!-- Column -->\n\t\t\t\t\t<div class=\"column counter-column col-lg-3 col-md-6 col-sm-12\">\n\t\t\t\t\t\t<div class=\"inner wow fadeInLeft\" data-wow-delay=\"0ms\" data-wow-duration=\"1500ms\">\n\t\t\t\t\t\t\t<div class=\"content\">\n\t\t\t\t\t\t\t\t<div class=\"lines\"><\/div>\n\t\t\t\t\t\t\t\t<div class=\"icon flaticon-buildings\"><\/div>\n\t\t\t\t\t\t\t\t<div class=\"count-outer count-box\">\n\t\t\t\t\t\t\t\t\t<span class=\"count-text\" data-speed=\"3000\" data-stop=\"20\">0<\/span>+\t\t\t\t\t\t\t\t<\/div>\n\t\t\t\t\t\t\t\t<h4 class=\"counter-title\">Projets r\u00e9alis\u00e9s avec succ\u00e8s<\/h4>\n\t\t\t\t\t\t\t<\/div>\n\t\t\t\t\t\t<\/div>\n\t\t\t\t\t<\/div>\n\t\t\t\t\t\t\t\t\t<\/div>\n\t\t\t<\/div>\n\t\t<\/div>\n\t<\/section>\n\t<!-- End Counter Section -->\n    \n\t\t\t<\/div>\n\t\t\t\t<\/div>\n\t\t\t\t\t<\/div>\n\t\t<\/div>\n\t\t\t\t\t\t\t<\/div>\n\t\t<\/section>\n\t\t\t\t<section class=\"elementor-section elementor-top-section elementor-element elementor-element-ee082a6 elementor-section-full_width elementor-section-height-default elementor-section-height-default\" data-id=\"ee082a6\" data-element_type=\"section\">\n\t\t\t\t\t\t<div class=\"elementor-container elementor-column-gap-default\">\n\t\t\t\t\t<div class=\"elementor-column elementor-col-100 elementor-top-column elementor-element elementor-element-c1ff3a2\" data-id=\"c1ff3a2\" data-element_type=\"column\">\n\t\t\t<div class=\"elementor-widget-wrap elementor-element-populated\">\n\t\t\t\t\t\t\t\t<div class=\"elementor-element elementor-element-ac671b5 elementor-widget elementor-widget-builderexpert_video_section\" data-id=\"ac671b5\" data-element_type=\"widget\" data-widget_type=\"builderexpert_video_section.default\">\n\t\t\t\t<div class=\"elementor-widget-container\">\n\t\t\t\t\n    <!-- Video Project Section -->\n\t<section class=\"video-project-section style-two\">\n\t\t<div class=\"image-layer\" style=\"background-image:url(https:\/\/sialda.com\/wp-content\/uploads\/2023\/06\/WhatsApp-Image-2023-07-03-at-08.39.39.jpeg)\"><\/div>\t\t<div class=\"pattern-layer\" style=\"background-image:url(https:\/\/sialda.com\/wp-content\/uploads\/2022\/11\/pattern-14.png)\"><\/div>\t\t<div class=\"auto-container\">\n\t\t\t\n\t\t\t<div class=\"row clearfix\">\t\t\t\n\t\t\t\t<!-- Column Column -->\n\t\t\t\t<div class=\"content-column col-lg-7 col-md-12 col-sm-12\">\n\t\t\t\t\t<div class=\"inner-column\">\n\t\t\t\t\t\t                        <!-- Sec Title -->\n\t\t\t\t\t\t<div class=\"sec-title style-two light\">\n\t\t\t\t\t\t\t<div class=\"separater style-two\"><\/div>\n\t\t\t\t\t\t\t<div class=\"title\">Apropos de nous<\/div>\t\t\t\t\t\t\t<h2>Qui sommes nous? <br>Et quelles sont nos solutions pour vous? <\/h2>\t\t\t\t\t\t<\/div>\n                                                \n\t\t\t\t\t\t\t\t\t\t\t\t<div class=\"text\">A d\u00e9couvrir dans cette vid\u00e9o<\/div>\n                        \t\t\t\t\t<\/div>\n\t\t\t\t<\/div>\n\t\t\t\t\t\t\t\t<!-- Video Column -->\n\t\t\t\t<div class=\"video-column col-lg-5 col-md-12 col-sm-12\">\n\t\t\t\t\t<div class=\"inner-column\">\n\t\t\t\t\t\t<!-- Video Box -->\n\t\t\t\t\t\t<div class=\"video-box\">\n\t\t\t\t\t\t\t                            <figure class=\"video-image\">\n\t\t\t\t\t\t\t\t<img decoding=\"async\" src=\"https:\/\/sialda.com\/wp-content\/uploads\/2023\/06\/SIA-EnGinering.jpg\" alt=\"Awesome Image\">\n\t\t\t\t\t\t\t<\/figure>\n                                                        \t\t\t\t\t\t\t<a href=\"https:\/\/www.youtube.com\/embed\/6KKw_cR5Qd8\" class=\"overlay-box video-icon\" data-rel=\"lightcase:myCollection\"><span class=\"flaticon-play-arrow\"><i class=\"ripple\"><\/i><\/span><\/a>\n\t\t\t\t\t\t\t                        <\/div>\n\t\t\t\t\t<\/div>\n\t\t\t\t<\/div>\n\t\t\t\t\t\t\t<\/div>\n\t\t<\/div>\n\t<\/section>\n\t<!-- End Video Project Section -->\n                \n\t\t\t<\/div>\n\t\t\t\t<\/div>\n\t\t\t\t<div class=\"elementor-element elementor-element-022957c .about-section.style-two {     padding-bottom: 30px;     display: none; } elementor-hidden-desktop elementor-hidden-tablet elementor-hidden-mobile elementor-widget elementor-widget-builderexpert_about_us_v2\" data-id=\"022957c\" data-element_type=\"widget\" data-widget_type=\"builderexpert_about_us_v2.default\">\n\t\t\t\t<div class=\"elementor-widget-container\">\n\t\t\t\t\n    <!-- About Section -->\n\t<section class=\"about-section style-two\">\n\t\t\t\t<div class=\"auto-container\">\n\t\t\t<div class=\"row clearfix\">\n\t\t\t\t\n\t\t\t\t<!-- Image Column -->\n\t\t\t\t<div class=\"image-column col-lg-6 col-md-12 col-sm-12\">\n\t\t\t\t\t<div class=\"inner-column wow fadeInLeft\" data-wow-delay=\"0ms\" data-wow-duration=\"1500ms\">\n\t\t\t\t\t\t<div class=\"color-layer\"><\/div>\n\t\t\t\t\t\t<div class=\"title\">Apropos de nous<\/div>\t\t\t\t\t\t\n\t\t\t\t\t\t                        \n\t\t\t\t\t\t                        <div class=\"experiance\">\n\t\t\t\t\t\t\t<div class=\"inner\">\n\t\t\t\t\t\t\t\t<span class=\"number\">10<\/span>\n\t\t\t\t\t\t\t\tAnn\u00e9e  <br> D'EXPERIENCE\t\t\t\t\t\t\t<\/div>\n\t\t\t\t\t\t<\/div>\n                        \t\t\t\t\t<\/div>\n\t\t\t\t<\/div>\n\t\t\t\t\n\t\t\t\t<!-- Content Column -->\n\t\t\t\t<div class=\"content-column col-lg-6 col-md-12 col-sm-12\">\n\t\t\t\t\t<div class=\"inner-column\">\n\t\t\t\t\t\t                        <div class=\"sec-title style-two\">\n\t\t\t\t\t\t\t<div class=\"separater\"><\/div>\n\t\t\t\t\t\t\t<div class=\"title\">Apropos de nous<\/div>\n\t\t\t\t\t\t\t<h2>UN MOT DE LA DIRECTION<\/h2>\n\t\t\t\t\t\t<\/div>\n                                                \t\t\t\t\t\t<div class=\"text\">\n\t\t\t\t\t\t\t<p>SIA est une Ing\u00e9nierie du b\u00e2timent dont les services peuvent etre fourni \u00e0 toute personne ayant l\u2019objectif d\u2019\u00e9tablir un bien immobilier de tout type. Pour r\u00e9pondre \u00e0 vos besoins nous nous concentrons sur la fonctionnalit\u00e9 de votre bien ; vous permettant d\u2019adapter l\u2019architecture de ce dernier \u00e0 l\u2019environnement dans lequel vous souhaiteriez l\u2019installer tout en priorisant l\u2019utilit\u00e9 premi\u00e8re \u00e0 laquelle vous destinez votre projet. Gr\u00e2ce au suivi constant de l\u2019\u00e9volution des techniques de construction, vos projets les plus innovant trouverons, chez SIA, la voie d\u2019une r\u00e9alisation concr\u00e8te.\n<\/p>\n<p>La direction\nM. Olory &amp; M. Dossa.<\/p>\t\t\t\t\t\t<\/div>\n                        \t\t\t\t\t\t<div class=\"clearfix\">\n\t\t\t\t\t\t\t                            <div class=\"pull-left\">\n\t\t\t\t\t\t\t\t<a href=\"https:\/\/sialda.com\/?page_id=724\" class=\"read-more\">Contacter SIA <span class=\"plus flaticon-plus-symbol\"><\/span><\/a>\n\t\t\t\t\t\t\t<\/div>\n\t\t\t\t\t\t\t                            \t\t\t\t\t\t<\/div>\n\t\t\t\t\t\t\t\t\t\t\t<\/div>\n\t\t\t\t<\/div>\n\t\t\t\t\n\t\t\t<\/div>\n\t\t<\/div>\n\t<\/section>\n\t<!-- End About Section -->\n                \n\t\t\t<\/div>\n\t\t\t\t<\/div>\n\t\t\t\t\t<\/div>\n\t\t<\/div>\n\t\t\t\t\t\t\t<\/div>\n\t\t<\/section>\n\t\t\t\t<section class=\"elementor-section elementor-top-section elementor-element elementor-element-8991b78 elementor-section-boxed elementor-section-height-default elementor-section-height-default\" data-id=\"8991b78\" data-element_type=\"section\">\n\t\t\t\t\t\t<div class=\"elementor-container elementor-column-gap-default\">\n\t\t\t\t\t<div class=\"elementor-column elementor-col-100 elementor-top-column elementor-element elementor-element-8e2e937\" data-id=\"8e2e937\" data-element_type=\"column\">\n\t\t\t<div class=\"elementor-widget-wrap elementor-element-populated\">\n\t\t\t\t\t\t\t\t<div class=\"elementor-element elementor-element-235a379 elementor-widget elementor-widget-spacer\" data-id=\"235a379\" data-element_type=\"widget\" data-widget_type=\"spacer.default\">\n\t\t\t\t<div class=\"elementor-widget-container\">\n\t\t\t\t\t<div class=\"elementor-spacer\">\n\t\t\t<div class=\"elementor-spacer-inner\"><\/div>\n\t\t<\/div>\n\t\t\t\t<\/div>\n\t\t\t\t<\/div>\n\t\t\t\t\t<\/div>\n\t\t<\/div>\n\t\t\t\t\t\t\t<\/div>\n\t\t<\/section>\n\t\t\t\t<section class=\"elementor-section elementor-top-section elementor-element elementor-element-2975b1e elementor-section-boxed elementor-section-height-default elementor-section-height-default\" data-id=\"2975b1e\" data-element_type=\"section\">\n\t\t\t\t\t\t<div class=\"elementor-container elementor-column-gap-default\">\n\t\t\t\t\t<div class=\"elementor-column elementor-col-100 elementor-top-column elementor-element elementor-element-fd3ef26\" data-id=\"fd3ef26\" data-element_type=\"column\">\n\t\t\t<div class=\"elementor-widget-wrap elementor-element-populated\">\n\t\t\t\t\t\t\t\t<div class=\"elementor-element elementor-element-016a8c1 elementor-widget elementor-widget-spacer\" data-id=\"016a8c1\" data-element_type=\"widget\" data-widget_type=\"spacer.default\">\n\t\t\t\t<div class=\"elementor-widget-container\">\n\t\t\t\t\t<div class=\"elementor-spacer\">\n\t\t\t<div class=\"elementor-spacer-inner\"><\/div>\n\t\t<\/div>\n\t\t\t\t<\/div>\n\t\t\t\t<\/div>\n\t\t\t\t\t<\/div>\n\t\t<\/div>\n\t\t\t\t\t\t\t<\/div>\n\t\t<\/section>\n\t\t\t\t<section class=\"elementor-section elementor-top-section elementor-element elementor-element-ca6df1f elementor-section-boxed elementor-section-height-default elementor-section-height-default\" data-id=\"ca6df1f\" data-element_type=\"section\">\n\t\t\t\t\t\t<div class=\"elementor-container elementor-column-gap-default\">\n\t\t\t\t\t<div class=\"elementor-column elementor-col-100 elementor-top-column elementor-element elementor-element-0f254bb\" data-id=\"0f254bb\" data-element_type=\"column\">\n\t\t\t<div class=\"elementor-widget-wrap elementor-element-populated\">\n\t\t\t\t\t\t\t\t\t<\/div>\n\t\t<\/div>\n\t\t\t\t\t\t\t<\/div>\n\t\t<\/section>\n\t\t\t\t<section class=\"elementor-section elementor-top-section elementor-element elementor-element-b89c5f2 elementor-section-boxed elementor-section-height-default elementor-section-height-default\" data-id=\"b89c5f2\" data-element_type=\"section\">\n\t\t\t\t\t\t<div class=\"elementor-container elementor-column-gap-default\">\n\t\t\t\t\t<div class=\"elementor-column elementor-col-100 elementor-top-column elementor-element elementor-element-c879aca\" data-id=\"c879aca\" data-element_type=\"column\">\n\t\t\t<div class=\"elementor-widget-wrap elementor-element-populated\">\n\t\t\t\t\t\t\t\t<div class=\"elementor-element elementor-element-64b3106 elementor-widget elementor-widget-spacer\" data-id=\"64b3106\" data-element_type=\"widget\" data-widget_type=\"spacer.default\">\n\t\t\t\t<div class=\"elementor-widget-container\">\n\t\t\t\t\t<div class=\"elementor-spacer\">\n\t\t\t<div class=\"elementor-spacer-inner\"><\/div>\n\t\t<\/div>\n\t\t\t\t<\/div>\n\t\t\t\t<\/div>\n\t\t\t\t\t<\/div>\n\t\t<\/div>\n\t\t\t\t\t\t\t<\/div>\n\t\t<\/section>\n\t\t\t\t<section class=\"elementor-section elementor-top-section elementor-element elementor-element-c88e8b3 elementor-section-boxed elementor-section-height-default elementor-section-height-default\" data-id=\"c88e8b3\" data-element_type=\"section\">\n\t\t\t\t\t\t<div class=\"elementor-container elementor-column-gap-default\">\n\t\t\t\t\t<div class=\"elementor-column elementor-col-100 elementor-top-column elementor-element elementor-element-6c490e2\" data-id=\"6c490e2\" data-element_type=\"column\">\n\t\t\t<div class=\"elementor-widget-wrap elementor-element-populated\">\n\t\t\t\t\t\t\t\t\t<\/div>\n\t\t<\/div>\n\t\t\t\t\t\t\t<\/div>\n\t\t<\/section>\n\t\t\t\t\t\t\t<\/div>\n\t\t","protected":false},"excerpt":{"rendered":"<p>SCH\u00c9MA D\u2019ACQUISITION D\u2019UN BIEN IMMOBILIER SUR PLAN ET VISITE 3D PAR SIA ENGINEERING 0 Travailleurs professionnels 0+ Projets r\u00e9alis\u00e9s avec succ\u00e8s Apropos de nous Qui sommes nous? Et quelles sont nos solutions pour vous? A d\u00e9couvrir dans cette vid\u00e9o Apropos de nous 10 Ann\u00e9e D&rsquo;EXPERIENCE Apropos de nous UN MOT DE LA DIRECTION SIA est [&hellip;]<\/p>\n","protected":false},"author":1,"featured_media":0,"parent":0,"menu_order":0,"comment_status":"closed","ping_status":"closed","template":"tpl-default-elementor.php","meta":{"footnotes":""},"class_list":["post-505","page","type-page","status-publish","hentry"],"_links":{"self":[{"href":"https:\/\/sialda.com\/index.php?rest_route=\/wp\/v2\/pages\/505","targetHints":{"allow":["GET"]}}],"collection":[{"href":"https:\/\/sialda.com\/index.php?rest_route=\/wp\/v2\/pages"}],"about":[{"href":"https:\/\/sialda.com\/index.php?rest_route=\/wp\/v2\/types\/page"}],"author":[{"embeddable":true,"href":"https:\/\/sialda.com\/index.php?rest_route=\/wp\/v2\/users\/1"}],"replies":[{"embeddable":true,"href":"https:\/\/sialda.com\/index.php?rest_route=%2Fwp%2Fv2%2Fcomments&post=505"}],"version-history":[{"count":75,"href":"https:\/\/sialda.com\/index.php?rest_route=\/wp\/v2\/pages\/505\/revisions"}],"predecessor-version":[{"id":1818,"href":"https:\/\/sialda.com\/index.php?rest_route=\/wp\/v2\/pages\/505\/revisions\/1818"}],"wp:attachment":[{"href":"https:\/\/sialda.com\/index.php?rest_route=%2Fwp%2Fv2%2Fmedia&parent=505"}],"curies":[{"name":"wp","href":"https:\/\/api.w.org\/{rel}","templated":true}]}}