{"id":724,"date":"2022-11-19T23:21:07","date_gmt":"2022-11-19T23:21:07","guid":{"rendered":"https:\/\/expert-themes.com\/newwp\/builderexpert\/?page_id=724"},"modified":"2023-06-28T20:14:35","modified_gmt":"2023-06-28T18:14:35","slug":"contact-us","status":"publish","type":"page","link":"https:\/\/sialda.com\/?page_id=724","title":{"rendered":"Contactez-nous"},"content":{"rendered":"\t\t<div data-elementor-type=\"wp-page\" data-elementor-id=\"724\" class=\"elementor elementor-724\">\n\t\t\t\t\t\t\t\t\t<section class=\"elementor-section elementor-top-section elementor-element elementor-element-0ad7205 elementor-section-full_width elementor-section-height-default elementor-section-height-default\" data-id=\"0ad7205\" data-element_type=\"section\">\n\t\t\t\t\t\t<div class=\"elementor-container elementor-column-gap-default\">\n\t\t\t\t\t<div class=\"elementor-column elementor-col-100 elementor-top-column elementor-element elementor-element-22a789a\" data-id=\"22a789a\" data-element_type=\"column\">\n\t\t\t<div class=\"elementor-widget-wrap elementor-element-populated\">\n\t\t\t\t\t\t\t\t<div class=\"elementor-element elementor-element-76ce148 elementor-widget elementor-widget-builderexpert_contact_us\" data-id=\"76ce148\" data-element_type=\"widget\" data-widget_type=\"builderexpert_contact_us.default\">\n\t\t\t\t<div class=\"elementor-widget-container\">\n\t\t\t\t\n    <!-- Contact Page Section -->\n\t<section class=\"contact-page-section\">\n\t\t<div class=\"auto-container\">\n\t\t\t<div class=\"row clearfix\">\n                \t\t\t\t<!-- Title Column -->\n\t\t\t\t<div class=\"title-column col-lg-4 col-md-12 col-sm-12\">\n\t\t\t\t\t<div class=\"inner-column\">\n\t\t\t\t\t\t<div class=\"sec-title style-two\">\n\t\t\t\t\t\t\t                            <div class=\"separater\"><\/div>\n\t\t\t\t\t\t\t<div class=\"title\">Contactez-nous.<\/div>\n\t\t\t\t\t\t\t\t\t\t\t\t\t\t<h2>Prenez contact avec nous<\/h2>\t\t\t\t\t\t\t<div class=\"text\">Avez-vous des questions sur nos services ? Parlons ensemble de la mani\u00e8re dont nous pouvons vous aider \u00e0 r\u00e9aliser votre projet de construction. <\/div>\t\t\t\t\t\t<\/div>\n\t\t\t\t\t<\/div>\n\t\t\t\t<\/div>\n\t\t\t\t\t\t\t\t<!-- Form Column -->\n\t\t\t\t<div class=\"form-column col-lg-8 col-md-12 col-sm-12\">\n\t\t\t\t\t<div class=\"inner-column\">\n\t\t\t\t\t\t\t\t\t\t\t\t<!-- Contact Form -->\n\t\t\t\t\t\t<div class=\"contact-form\">\t\t\t\t\t\t\t\n\t\t\t\t\t\t\t<!--Contact Form-->\n\t\t\t\t\t\t\t<div id=\"contact-form\">\n\t\t\t\t\t\t\t\t\n<div class=\"wpcf7 no-js\" id=\"wpcf7-f727-o1\" lang=\"en-US\" dir=\"ltr\" data-wpcf7-id=\"727\">\n<div class=\"screen-reader-response\"><p role=\"status\" aria-live=\"polite\" aria-atomic=\"true\"><\/p> <ul><\/ul><\/div>\n<form action=\"\/index.php?rest_route=%2Fwp%2Fv2%2Fpages%2F724#wpcf7-f727-o1\" method=\"post\" class=\"wpcf7-form init\" aria-label=\"Contact form\" novalidate=\"novalidate\" data-status=\"init\">\n<div style=\"display: none;\">\n<input type=\"hidden\" name=\"_wpcf7\" value=\"727\" \/>\n<input type=\"hidden\" name=\"_wpcf7_version\" value=\"6.0.3\" \/>\n<input type=\"hidden\" name=\"_wpcf7_locale\" value=\"en_US\" \/>\n<input type=\"hidden\" name=\"_wpcf7_unit_tag\" value=\"wpcf7-f727-o1\" \/>\n<input type=\"hidden\" name=\"_wpcf7_container_post\" value=\"0\" \/>\n<input type=\"hidden\" name=\"_wpcf7_posted_data_hash\" value=\"\" \/>\n<\/div>\n<div class=\"row clearfix\">\n\t<div class=\"col-lg-6 col-md-6 col-sm-12 form-group\">\n\t\t<p><span class=\"wpcf7-form-control-wrap\" data-name=\"text-323\"><input size=\"40\" maxlength=\"400\" class=\"wpcf7-form-control wpcf7-text wpcf7-validates-as-required\" aria-required=\"true\" aria-invalid=\"false\" placeholder=\"Name\" value=\"\" type=\"text\" name=\"text-323\" \/><\/span>\n\t\t<\/p>\n\t<\/div>\n\t<div class=\"col-lg-6 col-md-6 col-sm-12 form-group\">\n\t\t<p><span class=\"wpcf7-form-control-wrap\" data-name=\"email-507\"><input size=\"40\" maxlength=\"400\" class=\"wpcf7-form-control wpcf7-email wpcf7-validates-as-required wpcf7-text wpcf7-validates-as-email\" aria-required=\"true\" aria-invalid=\"false\" placeholder=\"Email\" value=\"\" type=\"email\" name=\"email-507\" \/><\/span>\n\t\t<\/p>\n\t<\/div>\n\t<div class=\"col-lg-6 col-md-6 col-sm-12 form-group\">\n\t\t<p><span class=\"wpcf7-form-control-wrap\" data-name=\"text-324\"><input size=\"40\" maxlength=\"400\" class=\"wpcf7-form-control wpcf7-text\" aria-invalid=\"false\" placeholder=\"Phone\" value=\"\" type=\"text\" name=\"text-324\" \/><\/span>\n\t\t<\/p>\n\t<\/div>\n\t<div class=\"col-lg-6 col-md-6 col-sm-12 form-group\">\n\t\t<p><span class=\"wpcf7-form-control-wrap\" data-name=\"text-325\"><input size=\"40\" maxlength=\"400\" class=\"wpcf7-form-control wpcf7-text\" aria-invalid=\"false\" placeholder=\"Subject\" value=\"\" type=\"text\" name=\"text-325\" \/><\/span>\n\t\t<\/p>\n\t<\/div>\n\t<div class=\"col-lg-12 col-md-12 col-sm-12 form-group\">\n\t\t<p><span class=\"wpcf7-form-control-wrap\" data-name=\"textarea-794\"><textarea cols=\"40\" rows=\"10\" maxlength=\"2000\" class=\"wpcf7-form-control wpcf7-textarea\" aria-invalid=\"false\" placeholder=\"Message\" name=\"textarea-794\"><\/textarea><\/span>\n\t\t<\/p>\n\t<\/div>\n\t<div class=\"col-lg-12 col-md-12 col-sm-12 form-group\">\n\t\t<p><button class=\"theme-btn btn-style-seven\" type=\"submit\" name=\"submit-form\">Soumettre<span class=\"plus-box flaticon-plus-symbol\"><\/span><\/button>\n\t\t<\/p>\n\t<\/div>\n<\/div><p style=\"display: none !important;\"><label>&#916;<textarea name=\"_wpcf7_ak_hp_textarea\" cols=\"45\" rows=\"8\" maxlength=\"100\"><\/textarea><\/label><input type=\"hidden\" id=\"ak_js_1\" name=\"_wpcf7_ak_js\" value=\"21\"\/><script>document.getElementById( \"ak_js_1\" ).setAttribute( \"value\", ( new Date() ).getTime() );<\/script><\/p><div class=\"wpcf7-response-output\" aria-hidden=\"true\"><\/div>\n<\/form>\n<\/div>\n\t\t\t\t\t\t\t<\/div>\t\t\t\t\t\t\t\n\t\t\t\t\t\t\t<!--End Contact Form -->\n\t\t\t\t\t\t<\/div>\n\t\t\t\t\t\t\t\t\t\t\t<\/div>\n\t\t\t\t<\/div>\t\t\t\t\n\t\t\t<\/div>\n\t\t<\/div>\n\t<\/section>\n\t<!-- End Contact Page Section -->\n                \n\t\t\t<\/div>\n\t\t\t\t<\/div>\n\t\t\t\t\t<\/div>\n\t\t<\/div>\n\t\t\t\t\t\t\t<\/div>\n\t\t<\/section>\n\t\t\t\t<section class=\"elementor-section elementor-top-section elementor-element elementor-element-5daa970 elementor-section-full_width elementor-section-height-default elementor-section-height-default\" data-id=\"5daa970\" data-element_type=\"section\">\n\t\t\t\t\t\t<div class=\"elementor-container elementor-column-gap-default\">\n\t\t\t\t\t<div class=\"elementor-column elementor-col-100 elementor-top-column elementor-element elementor-element-789ae64\" data-id=\"789ae64\" data-element_type=\"column\">\n\t\t\t<div class=\"elementor-widget-wrap elementor-element-populated\">\n\t\t\t\t\t\t\t\t<div class=\"elementor-element elementor-element-01d1875 elementor-widget elementor-widget-builderexpert_google_map\" data-id=\"01d1875\" data-element_type=\"widget\" data-widget_type=\"builderexpert_google_map.default\">\n\t\t\t\t<div class=\"elementor-widget-container\">\n\t\t\t\t\n    <!-- Map Section -->\n\t<section class=\"contact-map-section\">\n\t\t<div class=\"outer-container\">\n\t\t\t<!-- Map Boxed -->\n\t\t\t<div class=\"map-boxed\">\n\t\t\t\t<!--Map Outer-->\n\t\t\t\t<div class=\"map-outer\">\n\t\t\t\t\t<iframe src=\"https:\/\/www.google.com\/maps\/embed?pb=!1m18!1m12!1m3!1d11408091.820695316!2d-8.537157425372472!3d45.72751161276751!2m3!1f0!2f0!3f0!3m2!1i1024!2i768!4f13.1!3m3!1m2!1s0xd54a02933785731%3A0x6bfd3f96c747d9f7!2sFrance!5e0!3m2!1sen!2sbj!4v1687973533259!5m2!1sen!2sbj\" width=\"600\" height=\"450\" style=\"border:0;\" allowfullscreen=\"\" loading=\"lazy\" referrerpolicy=\"no-referrer-when-downgrade\"><\/iframe>\t\t\t\t<\/div>\n\t\t\t<\/div>\n\t\t<\/div>\n\t<\/section>\n\t<!-- End Map Section -->\n                    \n\t\t\t<\/div>\n\t\t\t\t<\/div>\n\t\t\t\t\t<\/div>\n\t\t<\/div>\n\t\t\t\t\t\t\t<\/div>\n\t\t<\/section>\n\t\t\t\t<section class=\"elementor-section elementor-top-section elementor-element elementor-element-1fe1af4 elementor-section-full_width elementor-section-height-default elementor-section-height-default\" data-id=\"1fe1af4\" data-element_type=\"section\">\n\t\t\t\t\t\t<div class=\"elementor-container elementor-column-gap-default\">\n\t\t\t\t\t<div class=\"elementor-column elementor-col-100 elementor-top-column elementor-element elementor-element-9033a0b\" data-id=\"9033a0b\" data-element_type=\"column\">\n\t\t\t<div class=\"elementor-widget-wrap elementor-element-populated\">\n\t\t\t\t\t\t\t\t<div class=\"elementor-element elementor-element-ec5a785 elementor-widget elementor-widget-builderexpert_contact_info\" data-id=\"ec5a785\" data-element_type=\"widget\" data-widget_type=\"builderexpert_contact_info.default\">\n\t\t\t\t<div class=\"elementor-widget-container\">\n\t\t\t\t\n    <!-- Contact Info Section -->\n\t<section class=\"contact-info-section\">\n\t\t<div class=\"auto-container\">\n\t\t\t<div class=\"row clearfix\">\n                \t\t\t\t<!-- Title Column -->\n\t\t\t\t<div class=\"title-column col-lg-4 col-md-12 col-sm-12\">\n\t\t\t\t\t<div class=\"inner-column\">\n\t\t\t\t\t\t<div class=\"sec-title style-two\">\n\t\t\t\t\t\t\t                            <div class=\"separater\"><\/div>\n\t\t\t\t\t\t\t<div class=\"title\">Contact Info<\/div>\n\t\t\t\t\t\t\t\t\t\t\t\t\t\t<h2>Prenez Contact<\/h2>\t\t\t\t\t\t\t<div class=\"text\">Vous vous trouverez \u00e0 travailler en v\u00e9ritable partenariat, ce qui vous offrira une exp\u00e9rience incroyable et un produit final de qualit\u00e9 sup\u00e9rieure. <\/div>\t\t\t\t\t\t<\/div>\n\t\t\t\t\t<\/div>\n\t\t\t\t<\/div>\n\t\t\t\t\t\t\t\t<!-- Info Column -->\n\t\t\t\t<div class=\"info-column col-lg-8 col-md-12 col-sm-12\">\n\t\t\t\t\t<div class=\"inner-column\">\n\t\t\t\t\t\t<div class=\"row clearfix\">\n\t\t\t\t\t\t\t\t\t\t\t\t\t\t<!-- Contact Column -->\n\t\t\t\t\t\t\t<div class=\"contact-column col-lg-6 col-md-6 col-sm-12\">\n\t\t\t\t\t\t\t\t<div class=\"inner\">\n\t\t\t\t\t\t\t\t\t<div class=\"icon icon flaticon-call-3\"><\/div>\n\t\t\t\t\t\t\t\t\t<ul>\n\t\t\t\t\t\t\t\t\t\t<li><strong>Appelez-nous au<\/strong><\/li>\n\t\t\t\t\t\t\t\t\t\t<li>Phone : +229 50 94 81 99 <br>\nPhone : +33 669 999 575<\/li>\n\t\t\t\t\t\t\t\t\t<\/ul>\n\t\t\t\t\t\t\t\t<\/div>\n\t\t\t\t\t\t\t<\/div>\n\t\t\t\t\t\t\t\t\t\t\t\t\t\t<!-- Contact Column -->\n\t\t\t\t\t\t\t<div class=\"contact-column col-lg-6 col-md-6 col-sm-12\">\n\t\t\t\t\t\t\t\t<div class=\"inner\">\n\t\t\t\t\t\t\t\t\t<div class=\"icon icon flaticon-email-3\"><\/div>\n\t\t\t\t\t\t\t\t\t<ul>\n\t\t\t\t\t\t\t\t\t\t<li><strong>Nous \u00e9crire<\/strong><\/li>\n\t\t\t\t\t\t\t\t\t\t<li>sia@sialda.com<\/li>\n\t\t\t\t\t\t\t\t\t<\/ul>\n\t\t\t\t\t\t\t\t<\/div>\n\t\t\t\t\t\t\t<\/div>\n\t\t\t\t\t\t\t\t\t\t\t\t\t\t<!-- Contact Column -->\n\t\t\t\t\t\t\t<div class=\"contact-column col-lg-6 col-md-6 col-sm-12\">\n\t\t\t\t\t\t\t\t<div class=\"inner\">\n\t\t\t\t\t\t\t\t\t<div class=\"icon icon flaticon-time\"><\/div>\n\t\t\t\t\t\t\t\t\t<ul>\n\t\t\t\t\t\t\t\t\t\t<li><strong>Horaires d'ouverture<\/strong><\/li>\n\t\t\t\t\t\t\t\t\t\t<li>Lundi - Samedi <br>\n9:00 am  to  5pm<\/li>\n\t\t\t\t\t\t\t\t\t<\/ul>\n\t\t\t\t\t\t\t\t<\/div>\n\t\t\t\t\t\t\t<\/div>\n\t\t\t\t\t\t\t\t\t\t\t\t\t\t<!-- Contact Column -->\n\t\t\t\t\t\t\t<div class=\"contact-column col-lg-6 col-md-6 col-sm-12\">\n\t\t\t\t\t\t\t\t<div class=\"inner\">\n\t\t\t\t\t\t\t\t\t<div class=\"icon icon flaticon-placeholder\"><\/div>\n\t\t\t\t\t\t\t\t\t<ul>\n\t\t\t\t\t\t\t\t\t\t<li><strong>Adresse<\/strong><\/li>\n\t\t\t\t\t\t\t\t\t\t<li>Paris, France<\/li>\n\t\t\t\t\t\t\t\t\t<\/ul>\n\t\t\t\t\t\t\t\t<\/div>\n\t\t\t\t\t\t\t<\/div>\n\t\t\t\t\t\t\t\t\t\t\t\t\t<\/div>\n\t\t\t\t\t<\/div>\n\t\t\t\t<\/div>\n\t\t\t\t\n\t\t\t<\/div>\n\t\t<\/div>\n\t<\/section>\n\t<!-- End Contact Info Section -->\n              \n\t\t\t<\/div>\n\t\t\t\t<\/div>\n\t\t\t\t\t<\/div>\n\t\t<\/div>\n\t\t\t\t\t\t\t<\/div>\n\t\t<\/section>\n\t\t\t\t<section class=\"elementor-section elementor-top-section elementor-element elementor-element-e3d43c5 elementor-section-full_width elementor-section-height-default elementor-section-height-default\" data-id=\"e3d43c5\" data-element_type=\"section\">\n\t\t\t\t\t\t<div class=\"elementor-container elementor-column-gap-default\">\n\t\t\t\t\t<div class=\"elementor-column elementor-col-100 elementor-top-column elementor-element elementor-element-e9dbb46\" data-id=\"e9dbb46\" data-element_type=\"column\">\n\t\t\t<div class=\"elementor-widget-wrap elementor-element-populated\">\n\t\t\t\t\t\t\t\t<div class=\"elementor-element elementor-element-78e5dee elementor-widget elementor-widget-builderexpert_our_clients_v3\" data-id=\"78e5dee\" data-element_type=\"widget\" data-widget_type=\"builderexpert_our_clients_v3.default\">\n\t\t\t\t<div class=\"elementor-widget-container\">\n\t\t\t\t\n    <!-- Clients Section Three -->\n\t<section class=\"clients-section-three style-two\" style=\"background-image:url(https:\/\/sialda.com\/wp-content\/uploads\/2022\/11\/pattern-21.png)\">\n\t\t<div class=\"auto-container\">\n\t\t\t<div class=\"row clearfix\">\n\t\t\t\t\n\t\t\t\t<!-- Title Column -->\n\t\t\t\t<div class=\"title-column col-lg-5 col-md-12 col-sm-12\">\n\t\t\t\t\t<div class=\"inner-column\">\n\t\t\t\t\t\t                        <div class=\"title-box\">\n\t\t\t\t\t\t\t                            <div class=\"title\">\n\t\t\t\t\t\t\t\t<span class=\"separater\"><\/span>\n\t\t\t\t\t\t\t\tDemander un devis\t\t\t\t\t\t\t<\/div>\n                            \t\t\t\t\t\t\t<h3>Nos Partenaires <\/h3>\t\t\t\t\t\t\t<div class=\"text\">Ils nous ont fait confiance et continuent \u00e0 nous faire confiance. Faites parti du groupe.<\/div>\t\t\t\t\t\t<\/div>\n                                                                        <a href=\"#\" class=\"read-more\">Contactez-nous maintenant <span class=\"plus-box flaticon-plus-symbol\"><\/span><\/a>\n                        \t\t\t\t\t<\/div>\n\t\t\t\t<\/div>\n\t\t\t\t\n\t\t\t\t<!-- Clients Column -->\n\t\t\t\t<div class=\"clients-column col-lg-7 col-md-12 col-sm-12\">\n\t\t\t\t\t<div class=\"inner-column\">\n\t\t\t\t\t\t<div class=\"row clearfix\">\n\t\t\t\t\t\t\t\t\t\t\t\t\t\t<!-- Client Box -->\n\t\t\t\t\t\t\t<div class=\"client-box col-lg-4 col-md-4 col-sm-12\">\n\t\t\t\t\t\t\t\t<div class=\"image\">\n\t\t\t\t\t\t\t\t\t<a href=\"#\"><img decoding=\"async\" src=\"https:\/\/sialda.com\/wp-content\/uploads\/2023\/05\/atyx.png\" alt=\"Awesome Image\" \/><\/a>\n\t\t\t\t\t\t\t\t<\/div>\n\t\t\t\t\t\t\t<\/div>\n\t\t\t\t\t\t\t\t\t\t\t\t\t\t<!-- Client Box -->\n\t\t\t\t\t\t\t<div class=\"client-box col-lg-4 col-md-4 col-sm-12\">\n\t\t\t\t\t\t\t\t<div class=\"image\">\n\t\t\t\t\t\t\t\t\t<a href=\"\"><img decoding=\"async\" src=\"https:\/\/sialda.com\/wp-content\/uploads\/2023\/05\/segma.png\" alt=\"Awesome Image\" \/><\/a>\n\t\t\t\t\t\t\t\t<\/div>\n\t\t\t\t\t\t\t<\/div>\n\t\t\t\t\t\t\t\t\t\t\t\t\t\t<!-- Client Box -->\n\t\t\t\t\t\t\t<div class=\"client-box col-lg-4 col-md-4 col-sm-12\">\n\t\t\t\t\t\t\t\t<div class=\"image\">\n\t\t\t\t\t\t\t\t\t<a href=\"\"><img decoding=\"async\" src=\"https:\/\/sialda.com\/wp-content\/uploads\/2023\/05\/ucetia.png\" alt=\"Awesome Image\" \/><\/a>\n\t\t\t\t\t\t\t\t<\/div>\n\t\t\t\t\t\t\t<\/div>\n\t\t\t\t\t\t\t\t\t\t\t\t\t\t<!-- Client Box -->\n\t\t\t\t\t\t\t<div class=\"client-box col-lg-4 col-md-4 col-sm-12\">\n\t\t\t\t\t\t\t\t<div class=\"image\">\n\t\t\t\t\t\t\t\t\t<a href=\"\"><img decoding=\"async\" src=\"https:\/\/sialda.com\/wp-content\/uploads\/2023\/05\/edile.png\" alt=\"Awesome Image\" \/><\/a>\n\t\t\t\t\t\t\t\t<\/div>\n\t\t\t\t\t\t\t<\/div>\n\t\t\t\t\t\t\t\t\t\t\t\t\t\t<!-- Client Box -->\n\t\t\t\t\t\t\t<div class=\"client-box col-lg-4 col-md-4 col-sm-12\">\n\t\t\t\t\t\t\t\t<div class=\"image\">\n\t\t\t\t\t\t\t\t\t<a href=\"\"><img decoding=\"async\" src=\"https:\/\/sialda.com\/wp-content\/uploads\/2023\/05\/legendre.png\" alt=\"Awesome Image\" \/><\/a>\n\t\t\t\t\t\t\t\t<\/div>\n\t\t\t\t\t\t\t<\/div>\n\t\t\t\t\t\t\t\t\t\t\t\t\t\t<!-- Client Box -->\n\t\t\t\t\t\t\t<div class=\"client-box col-lg-4 col-md-4 col-sm-12\">\n\t\t\t\t\t\t\t\t<div class=\"image\">\n\t\t\t\t\t\t\t\t\t<a href=\"\"><img decoding=\"async\" src=\"https:\/\/sialda.com\/wp-content\/uploads\/2023\/05\/bhive.png\" alt=\"Awesome Image\" \/><\/a>\n\t\t\t\t\t\t\t\t<\/div>\n\t\t\t\t\t\t\t<\/div>\n\t\t\t\t\t\t\t\t\t\t\t\t\t<\/div>\n\t\t\t\t\t<\/div>\n\t\t\t\t<\/div>\n\t\t\t\t\n\t\t\t<\/div>\n\t\t<\/div>\n\t<\/section>\n\t<!-- End Clients Section Three -->\n    \n\t\t\t<\/div>\n\t\t\t\t<\/div>\n\t\t\t\t\t<\/div>\n\t\t<\/div>\n\t\t\t\t\t\t\t<\/div>\n\t\t<\/section>\n\t\t\t\t\t\t\t<\/div>\n\t\t","protected":false},"excerpt":{"rendered":"<p>Contactez-nous. Prenez contact avec nous Avez-vous des questions sur nos services ? Parlons ensemble de la mani\u00e8re dont nous pouvons vous aider \u00e0 r\u00e9aliser votre projet de construction. Contact Now Contact Info Prenez Contact Vous vous trouverez \u00e0 travailler en v\u00e9ritable partenariat, ce qui vous offrira une exp\u00e9rience incroyable et un produit final de qualit\u00e9 [&hellip;]<\/p>\n","protected":false},"author":1,"featured_media":0,"parent":0,"menu_order":0,"comment_status":"closed","ping_status":"closed","template":"tpl-default-elementor.php","meta":{"footnotes":""},"class_list":["post-724","page","type-page","status-publish","hentry"],"_links":{"self":[{"href":"https:\/\/sialda.com\/index.php?rest_route=\/wp\/v2\/pages\/724","targetHints":{"allow":["GET"]}}],"collection":[{"href":"https:\/\/sialda.com\/index.php?rest_route=\/wp\/v2\/pages"}],"about":[{"href":"https:\/\/sialda.com\/index.php?rest_route=\/wp\/v2\/types\/page"}],"author":[{"embeddable":true,"href":"https:\/\/sialda.com\/index.php?rest_route=\/wp\/v2\/users\/1"}],"replies":[{"embeddable":true,"href":"https:\/\/sialda.com\/index.php?rest_route=%2Fwp%2Fv2%2Fcomments&post=724"}],"version-history":[{"count":36,"href":"https:\/\/sialda.com\/index.php?rest_route=\/wp\/v2\/pages\/724\/revisions"}],"predecessor-version":[{"id":1754,"href":"https:\/\/sialda.com\/index.php?rest_route=\/wp\/v2\/pages\/724\/revisions\/1754"}],"wp:attachment":[{"href":"https:\/\/sialda.com\/index.php?rest_route=%2Fwp%2Fv2%2Fmedia&parent=724"}],"curies":[{"name":"wp","href":"https:\/\/api.w.org\/{rel}","templated":true}]}}